{"id":12535,"date":"2023-11-17T09:07:42","date_gmt":"2023-11-17T08:07:42","guid":{"rendered":"https:\/\/teresaborotau.com\/escuela\/?post_type=product&#038;p=12535"},"modified":"2026-03-02T11:11:24","modified_gmt":"2026-03-02T10:11:24","slug":"paquete-1-despierta-tu-intuicion","status":"publish","type":"product","link":"https:\/\/teresaborotau.com\/escuela\/producto\/paquete-1-despierta-tu-intuicion\/","title":{"rendered":"Paquete 1: Despierta tu Intuici\u00f3n"},"content":{"rendered":"","protected":false},"excerpt":{"rendered":"<p><strong>CLARIVIDENCIA:<\/strong><br \/>\nDisfruta activando tu tercer ojo para conseguir tener una visi\u00f3n clara, sue\u00f1os m\u00e1s l\u00facidos, reconocimiento del aura, mejor memoria visual o respuestas inmediatas. Tienes a tu disposici\u00f3n 12 t\u00e9cnicas sorprendentes y divertidas para conseguirlo.<br \/>\n<strong>CLARISENSIBILIDAD:<\/strong><br \/>\nAprende a reconocer las se\u00f1ales que se muestran en tu cuerpo f\u00edsico y emocional para que \u00e9ste se convierta en un receptor fiable de informaci\u00f3n y, as\u00ed, aumentar tu conocimiento sobre ti mismo, sobre los dem\u00e1s y sobre el entorno.<br \/>\n<strong>CLARICONOCIMIENTO:<\/strong><br \/>\nAprende a reconocer las se\u00f1ales que se muestran en tu cuerpo f\u00edsico y emocional para que \u00e9ste se convierta en un receptor fiable de informaci\u00f3n y, as\u00ed, aumentar tu conocimiento sobre ti mismo, sobre los dem\u00e1s y sobre el entorno.<\/p>\n","protected":false},"featured_media":11682,"comment_status":"open","ping_status":"closed","template":"","meta":{"pmpro_default_level":"","neve_meta_sidebar":"","neve_meta_container":"","neve_meta_enable_content_width":"off","neve_meta_content_width":100,"neve_meta_title_alignment":"","neve_meta_author_avatar":"","neve_post_elements_order":"","neve_meta_disable_header":"","neve_meta_disable_footer":"","neve_meta_disable_title":""},"product_brand":[],"product_cat":[51],"product_tag":[],"class_list":{"0":"post-12535","1":"product","2":"type-product","3":"status-publish","4":"has-post-thumbnail","6":"product_cat-sin-categorizar","7":"pmpro-has-access","9":"first","10":"instock","11":"virtual","12":"purchasable","13":"product-type-simple"},"_links":{"self":[{"href":"https:\/\/teresaborotau.com\/escuela\/wp-json\/wp\/v2\/product\/12535","targetHints":{"allow":["GET"]}}],"collection":[{"href":"https:\/\/teresaborotau.com\/escuela\/wp-json\/wp\/v2\/product"}],"about":[{"href":"https:\/\/teresaborotau.com\/escuela\/wp-json\/wp\/v2\/types\/product"}],"replies":[{"embeddable":true,"href":"https:\/\/teresaborotau.com\/escuela\/wp-json\/wp\/v2\/comments?post=12535"}],"wp:featuredmedia":[{"embeddable":true,"href":"https:\/\/teresaborotau.com\/escuela\/wp-json\/wp\/v2\/media\/11682"}],"wp:attachment":[{"href":"https:\/\/teresaborotau.com\/escuela\/wp-json\/wp\/v2\/media?parent=12535"}],"wp:term":[{"taxonomy":"product_brand","embeddable":true,"href":"https:\/\/teresaborotau.com\/escuela\/wp-json\/wp\/v2\/product_brand?post=12535"},{"taxonomy":"product_cat","embeddable":true,"href":"https:\/\/teresaborotau.com\/escuela\/wp-json\/wp\/v2\/product_cat?post=12535"},{"taxonomy":"product_tag","embeddable":true,"href":"https:\/\/teresaborotau.com\/escuela\/wp-json\/wp\/v2\/product_tag?post=12535"}],"curies":[{"name":"wp","href":"https:\/\/api.w.org\/{rel}","templated":true}]}}