{"id":12572,"date":"2025-02-25T11:50:01","date_gmt":"2021-05-13T11:14:55","guid":{"rendered":"https:\/\/teresaborotau.com\/escuela\/producto\/despierta-tu-intuicion-la-clarividencia\/"},"modified":"2026-03-02T11:15:43","modified_gmt":"2026-03-02T10:15:43","slug":"despierta-tu-intuicion-la-clarividencia","status":"publish","type":"product","link":"https:\/\/teresaborotau.com\/escuela\/producto\/despierta-tu-intuicion-la-clarividencia\/","title":{"rendered":"DESPIERTA TU INTUICI\u00d3N: LA CLARIVIDENCIA"},"content":{"rendered":"<p>Aprende a reconocer las se\u00f1ales que se muestran en tu <b>cuerpo f\u00edsico y emocional <\/b>para que \u00e9ste se convierta en un <b>receptor fiable de informaci\u00f3n <\/b>y, as\u00ed, aumentar tu conocimiento sobre ti mismo, sobre los dem\u00e1s y sobre el entorno.<\/p>\n<h2>\u00bfQu\u00e9 aprender\u00e1s?<\/h2>\n<p>&#8211; Qu\u00e9 es la intuici\u00f3n.- Qu\u00e9 es la clarisensibilidad y para qu\u00e9 sirve.- C\u00f3mo tomar consciencia de tu cuerpo.- Reconocer las emociones propias y de los dem\u00e1s.- Obtener objetivos.- Mejorar la gesti\u00f3n emocional.- Aumentar la empat\u00eda.- Sentir la energ\u00eda y el campo energ\u00e9tico de los seres vivos y los objetos.- Aumentar la fuerza vital.- Resolver relaciones conflictivas.- Conectar con animales de poder y fuerzas superiores.<\/p>\n<h2>\u00bfQue incluye el curso?<\/h2>\n<p>&#8211; 12 Lecciones.- 16 v\u00eddeos.- Manual completo en pdf- Acceso al curso sin caducidad.- Lista de Spotify- Soporte via email<\/p>\n<h2>PRECIO: 97\u20ac<\/h2>\n","protected":false},"excerpt":{"rendered":"<p>Aprende a reconocer las se\u00f1ales que se muestran en tu cuerpo f\u00edsico y emocional para que \u00e9ste se convierta en&hellip;&nbsp;<a href=\"https:\/\/teresaborotau.com\/escuela\/producto\/despierta-tu-intuicion-la-clarividencia\/\" rel=\"bookmark\">Leer m\u00e1s &raquo;<span class=\"screen-reader-text\">DESPIERTA TU INTUICI\u00d3N: LA CLARIVIDENCIA<\/span><\/a><\/p>\n","protected":false},"featured_media":11309,"comment_status":"closed","ping_status":"closed","template":"","meta":{"pmpro_default_level":"","neve_meta_sidebar":"","neve_meta_container":"","neve_meta_enable_content_width":"off","neve_meta_content_width":100,"neve_meta_title_alignment":"","neve_meta_author_avatar":"","neve_post_elements_order":"","neve_meta_disable_header":"","neve_meta_disable_footer":"","neve_meta_disable_title":""},"product_brand":[],"product_cat":[51],"product_tag":[],"class_list":{"0":"post-12572","1":"product","2":"type-product","3":"status-publish","4":"has-post-thumbnail","6":"product_cat-sin-categorizar","7":"pmpro-has-access","9":"first","10":"instock","11":"virtual","12":"sold-individually","13":"purchasable","14":"product-type-simple"},"_links":{"self":[{"href":"https:\/\/teresaborotau.com\/escuela\/wp-json\/wp\/v2\/product\/12572","targetHints":{"allow":["GET"]}}],"collection":[{"href":"https:\/\/teresaborotau.com\/escuela\/wp-json\/wp\/v2\/product"}],"about":[{"href":"https:\/\/teresaborotau.com\/escuela\/wp-json\/wp\/v2\/types\/product"}],"replies":[{"embeddable":true,"href":"https:\/\/teresaborotau.com\/escuela\/wp-json\/wp\/v2\/comments?post=12572"}],"wp:featuredmedia":[{"embeddable":true,"href":"https:\/\/teresaborotau.com\/escuela\/wp-json\/wp\/v2\/media\/11309"}],"wp:attachment":[{"href":"https:\/\/teresaborotau.com\/escuela\/wp-json\/wp\/v2\/media?parent=12572"}],"wp:term":[{"taxonomy":"product_brand","embeddable":true,"href":"https:\/\/teresaborotau.com\/escuela\/wp-json\/wp\/v2\/product_brand?post=12572"},{"taxonomy":"product_cat","embeddable":true,"href":"https:\/\/teresaborotau.com\/escuela\/wp-json\/wp\/v2\/product_cat?post=12572"},{"taxonomy":"product_tag","embeddable":true,"href":"https:\/\/teresaborotau.com\/escuela\/wp-json\/wp\/v2\/product_tag?post=12572"}],"curies":[{"name":"wp","href":"https:\/\/api.w.org\/{rel}","templated":true}]}}