{"id":1996,"date":"2023-09-29T15:59:28","date_gmt":"2020-08-14T08:16:56","guid":{"rendered":"http:\/\/teresaborotau.com\/escuela\/?post_type=product&#038;p=1996"},"modified":"2025-04-05T17:36:36","modified_gmt":"2025-04-05T15:36:36","slug":"soy-sensitivo-plus-12","status":"publish","type":"product","link":"https:\/\/teresaborotau.com\/escuela\/producto\/soy-sensitivo-plus-12\/","title":{"rendered":"DESPIERTA TU INTUICI\u00d3N: LA CLARISENSIBILIDAD"},"content":{"rendered":"","protected":false},"excerpt":{"rendered":"<p>Aprende a reconocer las se\u00f1ales que se muestran en tu cuerpo f\u00edsico y emocional para que \u00e9ste se convierta en un receptor fiable de informaci\u00f3n y, as\u00ed, aumentar tu conocimiento sobre ti mismo, sobre los dem\u00e1s y sobre el entorno.<\/p>\n","protected":false},"featured_media":11310,"comment_status":"open","ping_status":"closed","template":"","meta":{"pmpro_default_level":"","neve_meta_sidebar":"","neve_meta_container":"","neve_meta_enable_content_width":"off","neve_meta_content_width":100,"neve_meta_title_alignment":"","neve_meta_author_avatar":"","neve_post_elements_order":"","neve_meta_disable_header":"","neve_meta_disable_footer":"","neve_meta_disable_title":""},"product_brand":[],"product_cat":[51],"product_tag":[],"class_list":{"0":"post-1996","1":"product","2":"type-product","3":"status-publish","4":"has-post-thumbnail","6":"product_cat-sin-categorizar","7":"pmpro-has-access","9":"first","10":"instock","11":"virtual","12":"sold-individually","13":"purchasable","14":"product-type-simple"},"_links":{"self":[{"href":"https:\/\/teresaborotau.com\/escuela\/wp-json\/wp\/v2\/product\/1996","targetHints":{"allow":["GET"]}}],"collection":[{"href":"https:\/\/teresaborotau.com\/escuela\/wp-json\/wp\/v2\/product"}],"about":[{"href":"https:\/\/teresaborotau.com\/escuela\/wp-json\/wp\/v2\/types\/product"}],"replies":[{"embeddable":true,"href":"https:\/\/teresaborotau.com\/escuela\/wp-json\/wp\/v2\/comments?post=1996"}],"wp:featuredmedia":[{"embeddable":true,"href":"https:\/\/teresaborotau.com\/escuela\/wp-json\/wp\/v2\/media\/11310"}],"wp:attachment":[{"href":"https:\/\/teresaborotau.com\/escuela\/wp-json\/wp\/v2\/media?parent=1996"}],"wp:term":[{"taxonomy":"product_brand","embeddable":true,"href":"https:\/\/teresaborotau.com\/escuela\/wp-json\/wp\/v2\/product_brand?post=1996"},{"taxonomy":"product_cat","embeddable":true,"href":"https:\/\/teresaborotau.com\/escuela\/wp-json\/wp\/v2\/product_cat?post=1996"},{"taxonomy":"product_tag","embeddable":true,"href":"https:\/\/teresaborotau.com\/escuela\/wp-json\/wp\/v2\/product_tag?post=1996"}],"curies":[{"name":"wp","href":"https:\/\/api.w.org\/{rel}","templated":true}]}}